{"id":515,"date":"2024-12-10T15:27:40","date_gmt":"2024-12-10T15:27:40","guid":{"rendered":"https:\/\/www.takeda.bluecells.eu\/?page_id=515"},"modified":"2024-12-13T15:26:41","modified_gmt":"2024-12-13T15:26:41","slug":"agences-2","status":"publish","type":"page","link":"https:\/\/www.takeda.bluecells.eu\/en\/agences-2\/","title":{"rendered":"Concierge service"},"content":{"rendered":"\t\t<div data-elementor-type=\"wp-page\" data-elementor-id=\"515\" class=\"elementor elementor-515 elementor-514\" data-elementor-post-type=\"page\">\n\t\t\t\t<div class=\"elementor-element elementor-element-530f0cf e-con-full e-flex e-con e-parent\" data-id=\"530f0cf\" data-element_type=\"container\" data-settings=\"{&quot;background_background&quot;:&quot;classic&quot;}\">\n\t\t\t\t<div class=\"elementor-element elementor-element-be44237 elementor-widget__width-initial elementor-widget-tablet__width-initial elementor-widget elementor-widget-heading\" data-id=\"be44237\" data-element_type=\"widget\" data-widget_type=\"heading.default\">\n\t\t\t\t<div class=\"elementor-widget-container\">\n\t\t\t<h2 class=\"elementor-heading-title elementor-size-default\">Chauffeur service\nin BORDEAUX<\/h2>\t\t<\/div>\n\t\t\t\t<\/div>\n\t\t\t\t<div class=\"elementor-element elementor-element-a5854be elementor-widget-mobile__width-initial elementor-widget__width-initial elementor-widget elementor-widget-heading\" data-id=\"a5854be\" data-element_type=\"widget\" data-widget_type=\"heading.default\">\n\t\t\t\t<div class=\"elementor-widget-container\">\n\t\t\t<h2 class=\"elementor-heading-title elementor-size-default\">With Orige Partners, luxury hospitality relies on a trusted partner.<\/h2>\t\t<\/div>\n\t\t\t\t<\/div>\n\t\t\t\t<div class=\"elementor-element elementor-element-b2d7949 elementor-widget-laptop__width-initial elementor-widget elementor-widget-text-editor\" data-id=\"b2d7949\" data-element_type=\"widget\" data-widget_type=\"text-editor.default\">\n\t\t\t\t<div class=\"elementor-widget-container\">\n\t\t\t\t\t\t\t<p>Prestigious private chauffeurs<\/p>\t\t\t\t\t\t<\/div>\n\t\t\t\t<\/div>\n\t\t\t\t<div class=\"elementor-element elementor-element-57a3aca elementor-align-center elementor-widget-mobile__width-inherit button elementor-widget-tablet_extra__width-initial elementor-widget-laptop__width-initial elementor-widget elementor-widget-button\" data-id=\"57a3aca\" data-element_type=\"widget\" data-widget_type=\"button.default\">\n\t\t\t\t<div class=\"elementor-widget-container\">\n\t\t\t\t\t\t\t<div class=\"elementor-button-wrapper\">\n\t\t\t\t\t<a class=\"elementor-button elementor-button-link elementor-size-sm\" href=\"#\">\n\t\t\t\t\t\t<span class=\"elementor-button-content-wrapper\">\n\t\t\t\t\t\t\t\t\t<span class=\"elementor-button-text\">Share your company's expectations with us.<\/span>\n\t\t\t\t\t<\/span>\n\t\t\t\t\t<\/a>\n\t\t\t\t<\/div>\n\t\t\t\t\t\t<\/div>\n\t\t\t\t<\/div>\n\t\t\t\t<\/div>\n\t\t<div class=\"elementor-element elementor-element-c2ba39d e-con-full e-flex e-con e-parent\" data-id=\"c2ba39d\" data-element_type=\"container\" data-settings=\"{&quot;background_background&quot;:&quot;classic&quot;}\">\n\t\t<div class=\"elementor-element elementor-element-0be07ff e-con-full e-flex e-con e-child\" data-id=\"0be07ff\" data-element_type=\"container\">\n\t\t\t\t<div class=\"elementor-element elementor-element-34f00be elementor-widget__width-inherit elementor-widget elementor-widget-heading\" data-id=\"34f00be\" data-element_type=\"widget\" data-widget_type=\"heading.default\">\n\t\t\t\t<div class=\"elementor-widget-container\">\n\t\t\t<h2 class=\"elementor-heading-title elementor-size-default\">Premium experience<\/h2>\t\t<\/div>\n\t\t\t\t<\/div>\n\t\t\t\t<div class=\"elementor-element elementor-element-8a53d1b elementor-widget-widescreen__width-initial elementor-widget-mobile__width-initial elementor-widget__width-initial elementor-widget-laptop__width-initial elementor-widget elementor-widget-text-editor\" data-id=\"8a53d1b\" data-element_type=\"widget\" data-widget_type=\"text-editor.default\">\n\t\t\t\t<div class=\"elementor-widget-container\">\n\t\t\t\t\t\t\t<p>Is your concierge service looking for prestigious private chauffeurs?<\/p>\n\t\t\t\t\t\t<\/div>\n\t\t\t\t<\/div>\n\t\t\t\t<div class=\"elementor-element elementor-element-7e4093a elementor-widget__width-initial elementor-widget elementor-widget-text-editor\" data-id=\"7e4093a\" data-element_type=\"widget\" data-widget_type=\"text-editor.default\">\n\t\t\t\t<div class=\"elementor-widget-container\">\n\t\t\t\t\t\t\tAs a hotel, you want to rely on a partner as exceptional and responsive as you are. To care for your clients in <a href=\"https:\/\/www.nouvelle-aquitaine-tourisme.com\/fr\">Nouvelle-Aquitaine<\/a>, Paris, the French Riviera, or anywhere in Europe, trust our luxury private chauffeurs. Your specifications become ours. We\u2019ll find the perfect solution to meet their needs, taking your service to the next level. <div style=\"padding: 2rem 0; text-align: inherit;\"><img decoding=\"async\" style=\"display: inline; width: 30%;\" src=\"https:\/\/www.takeda.bluecells.eu\/wp-content\/uploads\/2024\/12\/Intercalaire-300x81.png\" alt=\"Prestigious private chauffeurs \" width=\"300\" height=\"81\"><\/div>\t\t\t\t\t\t<\/div>\n\t\t\t\t<\/div>\n\t\t\t\t<div class=\"elementor-element elementor-element-2192bd9 elementor-widget__width-inherit elementor-widget elementor-widget-text-editor\" data-id=\"2192bd9\" data-element_type=\"widget\" data-widget_type=\"text-editor.default\">\n\t\t\t\t<div class=\"elementor-widget-container\">\n\t\t\t\t\t\t\t<p>Trust is earned&nbsp;<\/p>\n\t\t\t\t\t\t<\/div>\n\t\t\t\t<\/div>\n\t\t\t\t<div class=\"elementor-element elementor-element-5372c2c elementor-align-center elementor-widget__width-inherit button elementor-laptop-align-center elementor-widget elementor-widget-button\" data-id=\"5372c2c\" data-element_type=\"widget\" data-widget_type=\"button.default\">\n\t\t\t\t<div class=\"elementor-widget-container\">\n\t\t\t\t\t\t\t<div class=\"elementor-button-wrapper\">\n\t\t\t\t\t<a class=\"elementor-button elementor-button-link elementor-size-sm\" href=\"https:\/\/www.takeda.bluecells.eu\/en\/book-my-driver\/\">\n\t\t\t\t\t\t<span class=\"elementor-button-content-wrapper\">\n\t\t\t\t\t\t\t\t\t<span class=\"elementor-button-text\">Put us to the test<\/span>\n\t\t\t\t\t<\/span>\n\t\t\t\t\t<\/a>\n\t\t\t\t<\/div>\n\t\t\t\t\t\t<\/div>\n\t\t\t\t<\/div>\n\t\t\t\t<\/div>\n\t\t<div class=\"elementor-element elementor-element-485681f e-con-full e-flex e-con e-child\" data-id=\"485681f\" data-element_type=\"container\">\n\t\t\t\t<div class=\"elementor-element elementor-element-cbb24f8 elementor-widget__width-inherit elementor-widget elementor-widget-heading\" data-id=\"cbb24f8\" data-element_type=\"widget\" data-widget_type=\"heading.default\">\n\t\t\t\t<div class=\"elementor-widget-container\">\n\t\t\t<h2 class=\"elementor-heading-title elementor-size-default\">Personalized service<\/h2>\t\t<\/div>\n\t\t\t\t<\/div>\n\t\t\t\t<div class=\"elementor-element elementor-element-dc49291 elementor-widget-tablet__width-initial elementor-widget-mobile__width-initial elementor-widget__width-inherit elementor-widget-tablet_extra__width-inherit elementor-widget elementor-widget-text-editor\" data-id=\"dc49291\" data-element_type=\"widget\" data-widget_type=\"text-editor.default\">\n\t\t\t\t<div class=\"elementor-widget-container\">\n\t\t\t\t\t\t\t<p>VIP Transfer Service for Luxury Hotels&nbsp;<\/p>\n\t\t\t\t\t\t<\/div>\n\t\t\t\t<\/div>\n\t\t\t\t<div class=\"elementor-element elementor-element-1b57d9f elementor-widget__width-initial elementor-widget elementor-widget-text-editor\" data-id=\"1b57d9f\" data-element_type=\"widget\" data-widget_type=\"text-editor.default\">\n\t\t\t\t<div class=\"elementor-widget-container\">\n\t\t\t\t\t\t\t<h3><strong>Luxury Transportation<\/strong><\/h3>\n<div class=\"centered-list\">\n<ul>\n \t<li>Available 24\/7<\/li>\n \t<li>Fast pickup<\/li>\n \t<li>High-end cars and vans<\/li>\n \t<li>Punctuality guaranteed<\/li>\n \t<li>Comfort and safety<\/li>\n<\/ul>\n<\/div>\t\t\t\t\t\t<\/div>\n\t\t\t\t<\/div>\n\t\t\t\t<div class=\"elementor-element elementor-element-d8cbe71 elementor-widget__width-initial elementor-widget elementor-widget-text-editor\" data-id=\"d8cbe71\" data-element_type=\"widget\" data-widget_type=\"text-editor.default\">\n\t\t\t\t<div class=\"elementor-widget-container\">\n\t\t\t\t\t\t\t<h3><strong>French-style service<\/strong><\/h3>\n<div class=\"centered-list\">\n<ul>\n \t<li>Expertise in luxury hospitality<\/li>\n \t<li>Assured discretion<\/li>\n \t<li>Dedicated chauffeurs<\/li>\n \t<li>Quality welcome<\/li>\n \t<li>Multilingual service<\/li>\n \t<li>Thoughtful gifts<\/li>\n<\/ul>\n<\/div>\t\t\t\t\t\t<\/div>\n\t\t\t\t<\/div>\n\t\t\t\t<div class=\"elementor-element elementor-element-617e173 elementor-widget__width-initial elementor-widget elementor-widget-text-editor\" data-id=\"617e173\" data-element_type=\"widget\" data-widget_type=\"text-editor.default\">\n\t\t\t\t<div class=\"elementor-widget-container\">\n\t\t\t\t\t\t\t<h3><strong>You are our VIP #1<\/strong><\/h3>\n<div class=\"centered-list\">\n<ul>\n \t<li>Easy booking<\/li>\n \t<li>Tailored journeys<\/li>\n \t<li>Station and airport transfers<\/li>\n \t<li>Exclusive events<\/li>\n \t<li>Travel management<\/li>\n<\/ul>\n<\/div>\t\t\t\t\t\t<\/div>\n\t\t\t\t<\/div>\n\t\t\t\t<\/div>\n\t\t\t\t<\/div>\n\t\t<div class=\"elementor-element elementor-element-009e11f e-flex e-con-boxed e-con e-parent\" data-id=\"009e11f\" data-element_type=\"container\" data-settings=\"{&quot;background_background&quot;:&quot;classic&quot;}\">\n\t\t\t\t\t<div class=\"e-con-inner\">\n\t\t\t\t\t<\/div>\n\t\t\t\t<\/div>\n\t\t<div class=\"elementor-element elementor-element-ee77c2e e-flex e-con-boxed e-con e-parent\" data-id=\"ee77c2e\" data-element_type=\"container\">\n\t\t\t\t\t<div class=\"e-con-inner\">\n\t\t\t\t<div class=\"elementor-element elementor-element-e7fb927 elementor-widget elementor-widget-image\" data-id=\"e7fb927\" data-element_type=\"widget\" data-widget_type=\"image.default\">\n\t\t\t\t<div class=\"elementor-widget-container\">\n\t\t\t\t\t\t\t\t\t\t\t\t\t<img fetchpriority=\"high\" decoding=\"async\" width=\"226\" height=\"232\" src=\"https:\/\/www.takeda.bluecells.eu\/wp-content\/uploads\/2024\/12\/Thumbsup.png\" class=\"attachment-large size-large wp-image-456\" alt=\"\" srcset=\"https:\/\/www.takeda.bluecells.eu\/wp-content\/uploads\/2024\/12\/Thumbsup.png 226w, https:\/\/www.takeda.bluecells.eu\/wp-content\/uploads\/2024\/12\/Thumbsup-12x12.png 12w\" sizes=\"(max-width: 226px) 100vw, 226px\" \/>\t\t\t\t\t\t\t\t\t\t\t\t\t<\/div>\n\t\t\t\t<\/div>\n\t\t\t\t<div class=\"elementor-element elementor-element-6af5879 elementor-widget__width-inherit elementor-widget elementor-widget-heading\" data-id=\"6af5879\" data-element_type=\"widget\" data-widget_type=\"heading.default\">\n\t\t\t\t<div class=\"elementor-widget-container\">\n\t\t\t<h2 class=\"elementor-heading-title elementor-size-default\">Client Testimonials<\/h2>\t\t<\/div>\n\t\t\t\t<\/div>\n\t\t\t\t<div class=\"elementor-element elementor-element-a136384 elementor-widget__width-initial elementor-widget elementor-widget-text-editor\" data-id=\"a136384\" data-element_type=\"widget\" data-widget_type=\"text-editor.default\">\n\t\t\t\t<div class=\"elementor-widget-container\">\n\t\t\t\t\t\t\t<p>The sense of service, excellence, availability, and quality your concierge team cannot do without.<\/p>\t\t\t\t\t\t<\/div>\n\t\t\t\t<\/div>\n\t\t<div class=\"elementor-element elementor-element-e426c83 e-con-full e-flex e-con e-child\" data-id=\"e426c83\" data-element_type=\"container\" data-settings=\"{&quot;background_background&quot;:&quot;classic&quot;}\">\n\t\t\t\t<div class=\"elementor-element elementor-element-ab914f1 elementor-widget__width-initial elementor-widget elementor-widget-text-editor\" data-id=\"ab914f1\" data-element_type=\"widget\" data-widget_type=\"text-editor.default\">\n\t\t\t\t<div class=\"elementor-widget-container\">\n\t\t\t\t\t\t\t<p><strong>&#8211; Joe L.<\/strong><br \/>\u00ab Thanks Alex for a wonderful day<br \/>today in the Armagnac region,<br \/>a most memorable adventure! \u00bb <\/p>\n\t\t\t\t\t\t<\/div>\n\t\t\t\t<\/div>\n\t\t\t\t<\/div>\n\t\t\t\t<div class=\"elementor-element elementor-element-992897c elementor-widget elementor-widget-image\" data-id=\"992897c\" data-element_type=\"widget\" data-widget_type=\"image.default\">\n\t\t\t\t<div class=\"elementor-widget-container\">\n\t\t\t\t\t\t\t\t\t\t\t\t\t<img decoding=\"async\" width=\"452\" height=\"122\" src=\"https:\/\/www.takeda.bluecells.eu\/wp-content\/uploads\/2024\/12\/Intercalaire.png\" class=\"attachment-large size-large wp-image-457\" alt=\"\" srcset=\"https:\/\/www.takeda.bluecells.eu\/wp-content\/uploads\/2024\/12\/Intercalaire.png 452w, https:\/\/www.takeda.bluecells.eu\/wp-content\/uploads\/2024\/12\/Intercalaire-300x81.png 300w, https:\/\/www.takeda.bluecells.eu\/wp-content\/uploads\/2024\/12\/Intercalaire-18x5.png 18w\" sizes=\"(max-width: 452px) 100vw, 452px\" \/>\t\t\t\t\t\t\t\t\t\t\t\t\t<\/div>\n\t\t\t\t<\/div>\n\t\t<div class=\"elementor-element elementor-element-57a2b79 e-con-full e-flex e-con e-child\" data-id=\"57a2b79\" data-element_type=\"container\" data-settings=\"{&quot;background_background&quot;:&quot;classic&quot;}\">\n\t\t\t\t<div class=\"elementor-element elementor-element-e0c6fb4 elementor-widget__width-initial elementor-widget elementor-widget-text-editor\" data-id=\"e0c6fb4\" data-element_type=\"widget\" data-widget_type=\"text-editor.default\">\n\t\t\t\t<div class=\"elementor-widget-container\">\n\t\t\t\t\t\t\t<p><strong>&#8211; Mike T.<\/strong> <br \/>\u00ab Thanks for the photos!! We really <br \/>enjoyed the tour immensely. \u00bb<\/p>\n\t\t\t\t\t\t<\/div>\n\t\t\t\t<\/div>\n\t\t\t\t<\/div>\n\t\t\t\t<div class=\"elementor-element elementor-element-03b0ec4 elementor-widget elementor-widget-image\" data-id=\"03b0ec4\" data-element_type=\"widget\" data-widget_type=\"image.default\">\n\t\t\t\t<div class=\"elementor-widget-container\">\n\t\t\t\t\t\t\t\t\t\t\t\t\t<img decoding=\"async\" width=\"452\" height=\"122\" src=\"https:\/\/www.takeda.bluecells.eu\/wp-content\/uploads\/2024\/12\/Intercalaire.png\" class=\"attachment-large size-large wp-image-457\" alt=\"\" srcset=\"https:\/\/www.takeda.bluecells.eu\/wp-content\/uploads\/2024\/12\/Intercalaire.png 452w, https:\/\/www.takeda.bluecells.eu\/wp-content\/uploads\/2024\/12\/Intercalaire-300x81.png 300w, https:\/\/www.takeda.bluecells.eu\/wp-content\/uploads\/2024\/12\/Intercalaire-18x5.png 18w\" sizes=\"(max-width: 452px) 100vw, 452px\" \/>\t\t\t\t\t\t\t\t\t\t\t\t\t<\/div>\n\t\t\t\t<\/div>\n\t\t<div class=\"elementor-element elementor-element-e6ec1ee e-con-full e-flex e-con e-child\" data-id=\"e6ec1ee\" data-element_type=\"container\" data-settings=\"{&quot;background_background&quot;:&quot;classic&quot;}\">\n\t\t\t\t<div class=\"elementor-element elementor-element-91bc2c0 elementor-widget__width-initial elementor-widget elementor-widget-text-editor\" data-id=\"91bc2c0\" data-element_type=\"widget\" data-widget_type=\"text-editor.default\">\n\t\t\t\t<div class=\"elementor-widget-container\">\n\t\t\t\t\t\t\t<p><strong>&#8211; Miguel O.<\/strong> <br \/>\u00ab Hola Thierry, todo muy bien, muchas <br \/>gracias por el apoyo y coordinaci\u00f3n. <br \/>La pr\u00f3xima semana te marco para <br \/>coordinar Londres y Edinburg \u00bb<\/p>\n\t\t\t\t\t\t<\/div>\n\t\t\t\t<\/div>\n\t\t\t\t<\/div>\n\t\t\t\t\t<\/div>\n\t\t\t\t<\/div>\n\t\t<div class=\"elementor-element elementor-element-3747584 e-con-full e-flex e-con e-parent\" data-id=\"3747584\" data-element_type=\"container\">\n\t\t\t\t<div class=\"elementor-element elementor-element-ac72424 elementor-widget-tablet__width-initial elementor-widget__width-initial elementor-widget elementor-widget-image\" data-id=\"ac72424\" data-element_type=\"widget\" data-widget_type=\"image.default\">\n\t\t\t\t<div class=\"elementor-widget-container\">\n\t\t\t\t\t\t\t\t\t\t\t\t\t<img loading=\"lazy\" decoding=\"async\" width=\"709\" height=\"265\" src=\"https:\/\/www.takeda.bluecells.eu\/wp-content\/uploads\/2024\/12\/walking.webp\" class=\"attachment-large size-large wp-image-488\" alt=\"Orige Partners - Gares &amp; a\u00e9roports\" srcset=\"https:\/\/www.takeda.bluecells.eu\/wp-content\/uploads\/2024\/12\/walking.webp 709w, https:\/\/www.takeda.bluecells.eu\/wp-content\/uploads\/2024\/12\/walking-300x112.webp 300w\" sizes=\"(max-width: 709px) 100vw, 709px\" \/>\t\t\t\t\t\t\t\t\t\t\t\t\t<\/div>\n\t\t\t\t<\/div>\n\t\t\t\t<\/div>\n\t\t\t\t<\/div>\n\t\t","protected":false},"excerpt":{"rendered":"<p>Chauffeur service in BORDEAUX With Orige Partners, luxury hospitality relies on a trusted partner. Prestigious private chauffeurs Share your company&#8217;s expectations with us. Premium experience Is your concierge service looking for prestigious private chauffeurs? As a hotel, you want to rely on a partner as exceptional and responsive as you are. To care for your [&hellip;]<\/p>\n","protected":false},"author":1,"featured_media":658,"parent":0,"menu_order":0,"comment_status":"closed","ping_status":"closed","template":"","meta":{"footnotes":""},"class_list":["post-515","page","type-page","status-publish","has-post-thumbnail","hentry"],"yoast_head":"<!-- This site is optimized with the Yoast SEO plugin v24.0 - https:\/\/yoast.com\/wordpress\/plugins\/seo\/ -->\n<title>Prestigious Private Chauffeurs - Luxury Hospitality<\/title>\n<meta name=\"description\" content=\"Nos chauffeurs priv\u00e9s de prestige, r\u00f4d\u00e9s \u00e0 l&#039;h\u00f4tellerie de luxe, garantissent un service de transport haut de gamme, discret et ponctuel.\" \/>\n<meta name=\"robots\" content=\"index, follow, max-snippet:-1, max-image-preview:large, max-video-preview:-1\" \/>\n<link rel=\"canonical\" href=\"https:\/\/www.takeda.bluecells.eu\/en\/agences-2\/\" \/>\n<meta property=\"og:locale\" content=\"en_US\" \/>\n<meta property=\"og:type\" content=\"article\" \/>\n<meta property=\"og:title\" content=\"Prestigious Private Chauffeurs - Luxury Hospitality\" \/>\n<meta property=\"og:description\" content=\"Nos chauffeurs priv\u00e9s de prestige, r\u00f4d\u00e9s \u00e0 l&#039;h\u00f4tellerie de luxe, garantissent un service de transport haut de gamme, discret et ponctuel.\" \/>\n<meta property=\"og:url\" content=\"https:\/\/www.takeda.bluecells.eu\/en\/agences-2\/\" \/>\n<meta property=\"og:site_name\" content=\"Orige Partners\" \/>\n<meta property=\"article:modified_time\" content=\"2024-12-13T15:26:41+00:00\" \/>\n<meta property=\"og:image\" content=\"https:\/\/www.takeda.bluecells.eu\/wp-content\/uploads\/2024\/12\/Conciergerie_1-1.webp\" \/>\n\t<meta property=\"og:image:width\" content=\"2400\" \/>\n\t<meta property=\"og:image:height\" content=\"1600\" \/>\n\t<meta property=\"og:image:type\" content=\"image\/webp\" \/>\n<meta name=\"twitter:card\" content=\"summary_large_image\" \/>\n<meta name=\"twitter:label1\" content=\"Est. reading time\" \/>\n\t<meta name=\"twitter:data1\" content=\"2 minutes\" \/>\n<script type=\"application\/ld+json\" class=\"yoast-schema-graph\">{\"@context\":\"https:\/\/schema.org\",\"@graph\":[{\"@type\":\"WebPage\",\"@id\":\"https:\/\/www.takeda.bluecells.eu\/en\/agences-2\/\",\"url\":\"https:\/\/www.takeda.bluecells.eu\/en\/agences-2\/\",\"name\":\"Prestigious Private Chauffeurs - Luxury Hospitality\",\"isPartOf\":{\"@id\":\"https:\/\/www.takeda.bluecells.eu\/en\/#website\"},\"primaryImageOfPage\":{\"@id\":\"https:\/\/www.takeda.bluecells.eu\/en\/agences-2\/#primaryimage\"},\"image\":{\"@id\":\"https:\/\/www.takeda.bluecells.eu\/en\/agences-2\/#primaryimage\"},\"thumbnailUrl\":\"https:\/\/www.takeda.bluecells.eu\/wp-content\/uploads\/2024\/12\/Conciergerie_1-1.webp\",\"datePublished\":\"2024-12-10T15:27:40+00:00\",\"dateModified\":\"2024-12-13T15:26:41+00:00\",\"description\":\"Nos chauffeurs priv\u00e9s de prestige, r\u00f4d\u00e9s \u00e0 l'h\u00f4tellerie de luxe, garantissent un service de transport haut de gamme, discret et ponctuel.\",\"breadcrumb\":{\"@id\":\"https:\/\/www.takeda.bluecells.eu\/en\/agences-2\/#breadcrumb\"},\"inLanguage\":\"en-US\",\"potentialAction\":[{\"@type\":\"ReadAction\",\"target\":[\"https:\/\/www.takeda.bluecells.eu\/en\/agences-2\/\"]}]},{\"@type\":\"ImageObject\",\"inLanguage\":\"en-US\",\"@id\":\"https:\/\/www.takeda.bluecells.eu\/en\/agences-2\/#primaryimage\",\"url\":\"https:\/\/www.takeda.bluecells.eu\/wp-content\/uploads\/2024\/12\/Conciergerie_1-1.webp\",\"contentUrl\":\"https:\/\/www.takeda.bluecells.eu\/wp-content\/uploads\/2024\/12\/Conciergerie_1-1.webp\",\"width\":2400,\"height\":1600,\"caption\":\"Orige Partners - Chauffeurs pour VIP\"},{\"@type\":\"BreadcrumbList\",\"@id\":\"https:\/\/www.takeda.bluecells.eu\/en\/agences-2\/#breadcrumb\",\"itemListElement\":[{\"@type\":\"ListItem\",\"position\":1,\"name\":\"Accueil\",\"item\":\"https:\/\/www.takeda.bluecells.eu\/en\/\"},{\"@type\":\"ListItem\",\"position\":2,\"name\":\"Concierge service\"}]},{\"@type\":\"WebSite\",\"@id\":\"https:\/\/www.takeda.bluecells.eu\/en\/#website\",\"url\":\"https:\/\/www.takeda.bluecells.eu\/en\/\",\"name\":\"Orige Partners\",\"description\":\"Chauffeurs priv\u00e9s\",\"potentialAction\":[{\"@type\":\"SearchAction\",\"target\":{\"@type\":\"EntryPoint\",\"urlTemplate\":\"https:\/\/www.takeda.bluecells.eu\/en\/?s={search_term_string}\"},\"query-input\":{\"@type\":\"PropertyValueSpecification\",\"valueRequired\":true,\"valueName\":\"search_term_string\"}}],\"inLanguage\":\"en-US\"}]}<\/script>\n<!-- \/ Yoast SEO plugin. -->","yoast_head_json":{"title":"Prestigious Private Chauffeurs - Luxury Hospitality","description":"Nos chauffeurs priv\u00e9s de prestige, r\u00f4d\u00e9s \u00e0 l'h\u00f4tellerie de luxe, garantissent un service de transport haut de gamme, discret et ponctuel.","robots":{"index":"index","follow":"follow","max-snippet":"max-snippet:-1","max-image-preview":"max-image-preview:large","max-video-preview":"max-video-preview:-1"},"canonical":"https:\/\/www.takeda.bluecells.eu\/en\/agences-2\/","og_locale":"en_US","og_type":"article","og_title":"Prestigious Private Chauffeurs - Luxury Hospitality","og_description":"Nos chauffeurs priv\u00e9s de prestige, r\u00f4d\u00e9s \u00e0 l'h\u00f4tellerie de luxe, garantissent un service de transport haut de gamme, discret et ponctuel.","og_url":"https:\/\/www.takeda.bluecells.eu\/en\/agences-2\/","og_site_name":"Orige Partners","article_modified_time":"2024-12-13T15:26:41+00:00","og_image":[{"width":2400,"height":1600,"url":"https:\/\/www.takeda.bluecells.eu\/wp-content\/uploads\/2024\/12\/Conciergerie_1-1.webp","type":"image\/webp"}],"twitter_card":"summary_large_image","twitter_misc":{"Est. reading time":"2 minutes"},"schema":{"@context":"https:\/\/schema.org","@graph":[{"@type":"WebPage","@id":"https:\/\/www.takeda.bluecells.eu\/en\/agences-2\/","url":"https:\/\/www.takeda.bluecells.eu\/en\/agences-2\/","name":"Prestigious Private Chauffeurs - Luxury Hospitality","isPartOf":{"@id":"https:\/\/www.takeda.bluecells.eu\/en\/#website"},"primaryImageOfPage":{"@id":"https:\/\/www.takeda.bluecells.eu\/en\/agences-2\/#primaryimage"},"image":{"@id":"https:\/\/www.takeda.bluecells.eu\/en\/agences-2\/#primaryimage"},"thumbnailUrl":"https:\/\/www.takeda.bluecells.eu\/wp-content\/uploads\/2024\/12\/Conciergerie_1-1.webp","datePublished":"2024-12-10T15:27:40+00:00","dateModified":"2024-12-13T15:26:41+00:00","description":"Nos chauffeurs priv\u00e9s de prestige, r\u00f4d\u00e9s \u00e0 l'h\u00f4tellerie de luxe, garantissent un service de transport haut de gamme, discret et ponctuel.","breadcrumb":{"@id":"https:\/\/www.takeda.bluecells.eu\/en\/agences-2\/#breadcrumb"},"inLanguage":"en-US","potentialAction":[{"@type":"ReadAction","target":["https:\/\/www.takeda.bluecells.eu\/en\/agences-2\/"]}]},{"@type":"ImageObject","inLanguage":"en-US","@id":"https:\/\/www.takeda.bluecells.eu\/en\/agences-2\/#primaryimage","url":"https:\/\/www.takeda.bluecells.eu\/wp-content\/uploads\/2024\/12\/Conciergerie_1-1.webp","contentUrl":"https:\/\/www.takeda.bluecells.eu\/wp-content\/uploads\/2024\/12\/Conciergerie_1-1.webp","width":2400,"height":1600,"caption":"Orige Partners - Chauffeurs pour VIP"},{"@type":"BreadcrumbList","@id":"https:\/\/www.takeda.bluecells.eu\/en\/agences-2\/#breadcrumb","itemListElement":[{"@type":"ListItem","position":1,"name":"Accueil","item":"https:\/\/www.takeda.bluecells.eu\/en\/"},{"@type":"ListItem","position":2,"name":"Concierge service"}]},{"@type":"WebSite","@id":"https:\/\/www.takeda.bluecells.eu\/en\/#website","url":"https:\/\/www.takeda.bluecells.eu\/en\/","name":"Orige Partners","description":"Chauffeurs priv\u00e9s","potentialAction":[{"@type":"SearchAction","target":{"@type":"EntryPoint","urlTemplate":"https:\/\/www.takeda.bluecells.eu\/en\/?s={search_term_string}"},"query-input":{"@type":"PropertyValueSpecification","valueRequired":true,"valueName":"search_term_string"}}],"inLanguage":"en-US"}]}},"_links":{"self":[{"href":"https:\/\/www.takeda.bluecells.eu\/en\/wp-json\/wp\/v2\/pages\/515","targetHints":{"allow":["GET"]}}],"collection":[{"href":"https:\/\/www.takeda.bluecells.eu\/en\/wp-json\/wp\/v2\/pages"}],"about":[{"href":"https:\/\/www.takeda.bluecells.eu\/en\/wp-json\/wp\/v2\/types\/page"}],"author":[{"embeddable":true,"href":"https:\/\/www.takeda.bluecells.eu\/en\/wp-json\/wp\/v2\/users\/1"}],"replies":[{"embeddable":true,"href":"https:\/\/www.takeda.bluecells.eu\/en\/wp-json\/wp\/v2\/comments?post=515"}],"version-history":[{"count":50,"href":"https:\/\/www.takeda.bluecells.eu\/en\/wp-json\/wp\/v2\/pages\/515\/revisions"}],"predecessor-version":[{"id":1567,"href":"https:\/\/www.takeda.bluecells.eu\/en\/wp-json\/wp\/v2\/pages\/515\/revisions\/1567"}],"wp:featuredmedia":[{"embeddable":true,"href":"https:\/\/www.takeda.bluecells.eu\/en\/wp-json\/wp\/v2\/media\/658"}],"wp:attachment":[{"href":"https:\/\/www.takeda.bluecells.eu\/en\/wp-json\/wp\/v2\/media?parent=515"}],"curies":[{"name":"wp","href":"https:\/\/api.w.org\/{rel}","templated":true}]}}